{"id":20,"date":"2023-06-26T15:12:34","date_gmt":"2023-06-26T13:12:34","guid":{"rendered":"https:\/\/www.cico-group.com\/home\/?page_id=20"},"modified":"2023-10-17T17:16:08","modified_gmt":"2023-10-17T15:16:08","slug":"accueil","status":"publish","type":"page","link":"https:\/\/www.cico-group.com\/","title":{"rendered":"1_Accueil"},"content":{"rendered":"\n<div class=\"wp-block-cover alignfull is-light\" style=\"min-height:727px;aspect-ratio:unset;\"><span aria-hidden=\"true\" class=\"wp-block-cover__background has-background-dim-0 has-background-dim\"><\/span><img loading=\"lazy\" decoding=\"async\" width=\"1920\" height=\"1080\" class=\"wp-block-cover__image-background wp-image-63\" alt=\"Cico Pyrenees \" src=\"http:\/\/www.cico-group.com\/home\/wp-content\/uploads\/2023\/06\/Pyrenees.webp\" data-object-fit=\"cover\" srcset=\"https:\/\/www.cico-group.com\/wp-content\/uploads\/2023\/06\/Pyrenees.webp 1920w, https:\/\/www.cico-group.com\/wp-content\/uploads\/2023\/06\/Pyrenees-300x169.webp 300w, https:\/\/www.cico-group.com\/wp-content\/uploads\/2023\/06\/Pyrenees-1024x576.webp 1024w, https:\/\/www.cico-group.com\/wp-content\/uploads\/2023\/06\/Pyrenees-768x432.webp 768w, https:\/\/www.cico-group.com\/wp-content\/uploads\/2023\/06\/Pyrenees-1536x864.webp 1536w\" sizes=\"auto, (max-width: 1920px) 100vw, 1920px\" \/><div class=\"wp-block-cover__inner-container is-layout-flow wp-block-cover-is-layout-flow\">\n<h2 class=\"wp-block-heading has-text-align-center has-text-color\" style=\"color:#121212\"><strong>Placer les clients, les hommes et la data <\/strong><br><strong>au c\u0153ur des enjeux de demain<\/strong>.<\/h2>\n\n\n\n<h3 class=\"wp-block-heading alignwide has-text-align-center has-nv-dark-bg-color has-text-color\"><mark style=\"background-color:rgba(0, 0, 0, 0)\" class=\"has-inline-color has-nv-c-1-color\">Cabinet conseil ind\u00e9pendant expert en transformation digitale, <br>gestion de la performance et conduite du changement.<\/mark><\/h3>\n\n\n\n<div style=\"height:0px\" aria-hidden=\"true\" class=\"wp-block-spacer\"><\/div>\n\n\n\n<div style=\"height:350px\" aria-hidden=\"true\" class=\"wp-block-spacer\"><\/div>\n\n\n\n<div class=\"wp-block-buttons is-content-justification-right is-layout-flex wp-container-core-buttons-is-layout-e6df00e8 wp-block-buttons-is-layout-flex\"><\/div>\n<\/div><\/div>\n\n\n\n<div class=\"wp-block-cover alignfull\" style=\"min-height:549px;aspect-ratio:unset;\"><span aria-hidden=\"true\" class=\"wp-block-cover__background has-nv-light-bg-background-color has-background-dim-100 has-background-dim\"><\/span><div class=\"wp-block-cover__inner-container is-layout-flow wp-block-cover-is-layout-flow\">\n<div class=\"wp-block-group\"><div class=\"wp-block-group__inner-container is-layout-flow wp-block-group-is-layout-flow\">\n<div style=\"height:34px\" aria-hidden=\"true\" class=\"wp-block-spacer\"><\/div>\n<\/div><\/div>\n\n\n\n<div class=\"wp-block-columns alignwide is-layout-flex wp-container-core-columns-is-layout-9d6595d7 wp-block-columns-is-layout-flex\">\n<div class=\"wp-block-column is-layout-flow wp-block-column-is-layout-flow\"><div class=\"wp-block-image icon-style is-style-rounded\">\n<figure class=\"aligncenter size-full is-resized\"><img loading=\"lazy\" decoding=\"async\" width=\"196\" height=\"196\" src=\"https:\/\/www.cico-group.com\/wp-content\/uploads\/2023\/10\/CICO_BPMN-Carre-200x200-1.png\" alt=\"\" class=\"wp-image-582\" style=\"aspect-ratio:1;width:182px;height:auto\" srcset=\"https:\/\/www.cico-group.com\/wp-content\/uploads\/2023\/10\/CICO_BPMN-Carre-200x200-1.png 196w, https:\/\/www.cico-group.com\/wp-content\/uploads\/2023\/10\/CICO_BPMN-Carre-200x200-1-150x150.png 150w\" sizes=\"auto, (max-width: 196px) 100vw, 196px\" \/><\/figure>\n<\/div>\n\n\n<div style=\"height:20px\" aria-hidden=\"true\" class=\"wp-block-spacer\"><\/div>\n\n\n\n<h3 class=\"wp-block-heading has-text-align-center has-neve-text-color-color has-text-color\">Pilotage des processus et de la Performance<br><\/h3>\n\n\n\n<p class=\"has-text-align-center\"><mark style=\"background-color:rgba(0, 0, 0, 0)\" class=\"has-inline-color has-neve-link-hover-color-color\">Guider la gestion de la <strong>performance op\u00e9rationnelle<\/strong> et <strong>financi\u00e8re<\/strong> de l&rsquo;entreprise. Tableau de bord, pilotage, animation, suivi, gouvernance.<\/mark><\/p>\n\n\n\n<div class=\"wp-block-buttons is-content-justification-center is-layout-flex wp-container-core-buttons-is-layout-e1485a7b wp-block-buttons-is-layout-flex\">\n<div class=\"wp-block-button is-style-primary\"><a class=\"wp-block-button__link wp-element-button\" href=\"https:\/\/www.cico-group.com\/?page_id=511\">En savoir plus&#8230;<\/a><\/div>\n<\/div>\n<\/div>\n\n\n\n<div class=\"wp-block-column is-layout-flow wp-block-column-is-layout-flow\"><div class=\"wp-block-image icon-style is-style-rounded\">\n<figure class=\"aligncenter size-full\"><img loading=\"lazy\" decoding=\"async\" width=\"191\" height=\"192\" src=\"https:\/\/www.cico-group.com\/wp-content\/uploads\/2023\/10\/CICO_Digital-Transfo-Carre-191x191-1.png\" alt=\"\" class=\"wp-image-584\" srcset=\"https:\/\/www.cico-group.com\/wp-content\/uploads\/2023\/10\/CICO_Digital-Transfo-Carre-191x191-1.png 191w, https:\/\/www.cico-group.com\/wp-content\/uploads\/2023\/10\/CICO_Digital-Transfo-Carre-191x191-1-150x150.png 150w\" sizes=\"auto, (max-width: 191px) 100vw, 191px\" \/><\/figure>\n<\/div>\n\n\n<div style=\"height:20px\" aria-hidden=\"true\" class=\"wp-block-spacer\"><\/div>\n\n\n\n<h3 class=\"wp-block-heading has-text-align-center has-neve-text-color-color has-text-color\">Transformation Digitale<br><\/h3>\n\n\n\n<p class=\"has-text-align-center\"><mark style=\"background-color:rgba(0, 0, 0, 0)\" class=\"has-inline-color has-nv-c-1-color\">Accompagner l&rsquo;<strong>am\u00e9lioration continue<\/strong> des <strong>processus<\/strong> et des <strong>outils<\/strong> pour l&rsquo;int\u00e9grer dans la pratique quotidienne des \u00e9quipes. Collaborer et faire levier sur l&rsquo;expertise m\u00e9tier.<\/mark><\/p>\n\n\n\n<div class=\"wp-block-buttons is-content-justification-center is-layout-flex wp-container-core-buttons-is-layout-14c487f4 wp-block-buttons-is-layout-flex\">\n<div class=\"wp-block-button is-style-secondary\"><a class=\"wp-block-button__link wp-element-button\" href=\"https:\/\/www.cico-group.com\/?page_id=141\">En savoir plus&#8230;<\/a><\/div>\n<\/div>\n<\/div>\n\n\n\n<div class=\"wp-block-column is-layout-flow wp-block-column-is-layout-flow\"><div class=\"wp-block-image icon-style is-style-default\">\n<figure class=\"aligncenter size-full\"><img loading=\"lazy\" decoding=\"async\" width=\"200\" height=\"200\" src=\"https:\/\/www.cico-group.com\/wp-content\/uploads\/2023\/10\/CICO_Leadership.png\" alt=\"\" class=\"wp-image-579\" srcset=\"https:\/\/www.cico-group.com\/wp-content\/uploads\/2023\/10\/CICO_Leadership.png 200w, https:\/\/www.cico-group.com\/wp-content\/uploads\/2023\/10\/CICO_Leadership-150x150.png 150w\" sizes=\"auto, (max-width: 200px) 100vw, 200px\" \/><\/figure>\n<\/div>\n\n\n<div style=\"height:20px\" aria-hidden=\"true\" class=\"wp-block-spacer\"><\/div>\n\n\n\n<h3 class=\"wp-block-heading has-text-align-center has-neve-text-color-color has-text-color\">Leadership et Conduite du Changement<br><\/h3>\n\n\n\n<p class=\"has-text-align-center\"><mark style=\"background-color:rgba(0, 0, 0, 0)\" class=\"has-inline-color has-neve-link-hover-color-color\">Op\u00e9rer les ajustements n\u00e9cessaires pour l\u2019ex\u00e9cution de la strat\u00e9gie d\u00e9finie dans un contexte d\u2019hyper croissance, de <strong>croissance<\/strong>, de d\u00e9croissance ou de<strong> crise<\/strong>.<\/mark><\/p>\n\n\n\n<div class=\"wp-block-buttons is-content-justification-center is-layout-flex wp-container-core-buttons-is-layout-e1485a7b wp-block-buttons-is-layout-flex\">\n<div class=\"wp-block-button is-style-primary\"><a class=\"wp-block-button__link wp-element-button\" href=\"\">En savoir plus&#8230;<\/a><\/div>\n<\/div>\n<\/div>\n<\/div>\n<\/div><\/div>\n\n\n\n<div class=\"wp-block-cover alignfull\" style=\"min-height:732px;aspect-ratio:unset;\"><span aria-hidden=\"true\" class=\"wp-block-cover__background has-nv-dark-bg-background-color has-background-dim-100 has-background-dim\"><\/span><div class=\"wp-block-cover__inner-container is-layout-flow wp-block-cover-is-layout-flow\">\n<div class=\"wp-block-group is-vertical is-layout-flex wp-container-core-group-is-layout-8cf370e7 wp-block-group-is-layout-flex\">\n<div class=\"wp-block-columns are-vertically-aligned-center is-layout-flex wp-container-core-columns-is-layout-9d6595d7 wp-block-columns-is-layout-flex\">\n<div class=\"wp-block-column is-vertically-aligned-center is-layout-flow wp-block-column-is-layout-flow\" style=\"flex-basis:50%\"><div class=\"wp-block-image\">\n<figure class=\"alignright size-full is-resized\"><img loading=\"lazy\" decoding=\"async\" width=\"301\" height=\"255\" src=\"https:\/\/www.cico-group.com\/wp-content\/uploads\/2023\/06\/Business-Meeting-2.webp\" alt=\"\" class=\"wp-image-18\" style=\"aspect-ratio:0.5625;object-fit:cover;width:245px;height:auto\"\/><\/figure>\n<\/div><\/div>\n\n\n\n<div class=\"wp-block-column is-vertically-aligned-center is-layout-flow wp-block-column-is-layout-flow\" style=\"flex-basis:50%\">\n<div style=\"height:40px\" aria-hidden=\"true\" class=\"wp-block-spacer\"><\/div>\n\n\n\n<h2 class=\"wp-block-heading has-text-align-left has-nv-text-dark-bg-color has-text-color\">Nous sommes anim\u00e9s <br>par des valeurs humanistes.<\/h2>\n\n\n\n<p class=\"has-nv-text-dark-bg-color has-text-color\" style=\"font-size:17px\">L&rsquo;engagement dans l&rsquo;action. <br>La volont\u00e9 de partager, d&rsquo;\u00e9couter et d&rsquo;avancer ensemble. <br>Faciliter, accompagner, guider, transmettre sont essentiels pour des r\u00e9sultats au long court.<br>  Grandir ensemble <mark style=\"background-color:rgba(0, 0, 0, 0)\" class=\"has-inline-color has-neve-link-color-color\"> &gt; &gt; &gt;<\/mark><\/p>\n\n\n\n<div class=\"wp-block-buttons is-content-justification-right is-layout-flex wp-container-core-buttons-is-layout-765c4724 wp-block-buttons-is-layout-flex\">\n<div class=\"wp-block-button is-style-primary\"><a class=\"wp-block-button__link wp-element-button\" href=\"https:\/\/www.cico-group.com\/?page_id=2\">Notre manifeste<\/a><\/div>\n<\/div>\n<\/div>\n<\/div>\n\n\n\n<div style=\"height:0px\" aria-hidden=\"true\" class=\"wp-block-spacer wp-container-content-9760934e\"><\/div>\n<\/div>\n<\/div><\/div>\n\n\n\n<div style=\"height:22px\" aria-hidden=\"true\" class=\"wp-block-spacer\"><\/div>\n\n\n\n<div class=\"wp-block-cover alignfull\"><span aria-hidden=\"true\" class=\"wp-block-cover__background has-nv-light-bg-background-color has-background-dim-100 has-background-dim\"><\/span><div class=\"wp-block-cover__inner-container is-layout-flow wp-block-cover-is-layout-flow\">\n<h2 class=\"wp-block-heading has-text-align-center has-large-font-size\"><br><mark style=\"background-color:rgba(0, 0, 0, 0)\" class=\"has-inline-color has-nv-c-1-color\">Travaillons ensemble sur votre prochain projet.<\/mark><mark style=\"background-color:rgba(0, 0, 0, 0)\" class=\"has-inline-color has-neve-text-color-color\">..<\/mark><\/h2>\n\n\n\n<p class=\"has-text-align-center\"><mark style=\"background-color:rgba(0, 0, 0, 0)\" class=\"has-inline-color has-nv-c-1-color\">Vous vous interrogez sur la performance financi\u00e8re de votre entreprise ?<\/mark><br><mark style=\"background-color:rgba(0, 0, 0, 0)\" class=\"has-inline-color has-nv-c-1-color\">Vous avez un projet de modernisation, vous n&rsquo;avez pas le temps, ne savez pas par quel bout le<br>prendre ou souhaitez avoir de la visibilit\u00e9 sur le retour sur investissement ? <br>Vous avez besoin d&rsquo;avoir la visibilit\u00e9 sur votre tr\u00e9sorerie, faire un pr\u00e9visionnel ?  <br>Vous souhaitez conna\u00eetre la rentabilit\u00e9 de votre entreprise ? <br>Mettre en place des indicateurs de performance et r\u00e9unir cela dans un tableau de bord ? <\/mark><br><mark style=\"background-color:rgba(0, 0, 0, 0)\" class=\"has-inline-color has-nv-c-1-color\">Votre entreprise traverse une p\u00e9riode difficile et cela se traduit par des tensions, des difficult\u00e9s financi\u00e8res ? <\/mark><mark style=\"background-color:rgba(0, 0, 0, 0)\" class=\"has-inline-color has-nv-c-2-color\"><br><br>A<\/mark><mark style=\"background-color:rgba(0, 0, 0, 0)\" class=\"has-inline-color has-neve-link-color-color\"><strong>utant de sujets sur lesquels nous pouvons vous \u00e9pauler. <\/strong><\/mark><br><mark style=\"background-color:rgba(0, 0, 0, 0)\" class=\"has-inline-color has-neve-link-color-color\"><strong>contacter nous pour un premier \u00e9change !  <\/strong><\/mark><\/p>\n\n\n\n<div class=\"wp-block-buttons is-content-justification-right is-layout-flex wp-container-core-buttons-is-layout-765c4724 wp-block-buttons-is-layout-flex\">\n<div class=\"wp-block-button\"><a class=\"wp-block-button__link wp-element-button\" href=\"https:\/\/www.cico-group.com\/?page_id=22\">Contacter Nous<\/a><\/div>\n<\/div>\n<\/div><\/div>\n","protected":false},"excerpt":{"rendered":"","protected":false},"author":1,"featured_media":0,"parent":21,"menu_order":1,"comment_status":"closed","ping_status":"closed","template":"page-templates\/template-pagebuilder-full-width.php","meta":{"neve_meta_sidebar":"full-width","neve_meta_container":"contained","neve_meta_enable_content_width":"on","neve_meta_content_width":80,"neve_meta_title_alignment":"","neve_meta_author_avatar":"","neve_post_elements_order":"","neve_meta_disable_header":"","neve_meta_disable_footer":"","neve_meta_disable_title":"on","_ti_tpc_template_sync":false,"_ti_tpc_template_id":"","footnotes":""},"class_list":["post-20","page","type-page","status-publish","hentry"],"_links":{"self":[{"href":"https:\/\/www.cico-group.com\/index.php?rest_route=\/wp\/v2\/pages\/20","targetHints":{"allow":["GET"]}}],"collection":[{"href":"https:\/\/www.cico-group.com\/index.php?rest_route=\/wp\/v2\/pages"}],"about":[{"href":"https:\/\/www.cico-group.com\/index.php?rest_route=\/wp\/v2\/types\/page"}],"author":[{"embeddable":true,"href":"https:\/\/www.cico-group.com\/index.php?rest_route=\/wp\/v2\/users\/1"}],"replies":[{"embeddable":true,"href":"https:\/\/www.cico-group.com\/index.php?rest_route=%2Fwp%2Fv2%2Fcomments&post=20"}],"version-history":[{"count":70,"href":"https:\/\/www.cico-group.com\/index.php?rest_route=\/wp\/v2\/pages\/20\/revisions"}],"predecessor-version":[{"id":615,"href":"https:\/\/www.cico-group.com\/index.php?rest_route=\/wp\/v2\/pages\/20\/revisions\/615"}],"up":[{"embeddable":true,"href":"https:\/\/www.cico-group.com\/index.php?rest_route=\/wp\/v2\/pages\/21"}],"wp:attachment":[{"href":"https:\/\/www.cico-group.com\/index.php?rest_route=%2Fwp%2Fv2%2Fmedia&parent=20"}],"curies":[{"name":"wp","href":"https:\/\/api.w.org\/{rel}","templated":true}]}}